{"id":904,"date":"2017-06-05T13:41:22","date_gmt":"2017-06-05T11:41:22","guid":{"rendered":"https:\/\/u-trainer.info\/produkt\/u-trainer-set\/"},"modified":"2018-10-11T11:12:15","modified_gmt":"2018-10-11T09:12:15","slug":"u-trainer-set","status":"publish","type":"product","link":"https:\/\/u-trainer.info\/en\/produkt\/u-trainer-set\/","title":{"rendered":"U-Trainer\u00aeSet for Brass"},"content":{"rendered":"<h3>Das U-Trainer\u00aeSet enth\u00e4lt zwei Ger\u00e4te f\u00fcr ein optimales Ansatztraining.<\/h3>\n<h3>Den U-Trainer\u00ae f\u00fcr einen starken Ansatz<\/h3>\n<p>Wer ein Blechblasinstrument spielen m\u00f6chte, muss die Kunst der besonderen Lippenspannung erlernen und regelm\u00e4\u00dfig trainieren. Denn den Ton erm\u00f6glichen die Ansatzmuskeln, die sich im Mundst\u00fcckkessel dem flie\u00dfenden Luftstrom entgegenstellen. Unterschiedliche Spannungen l\u00f6sen unterschiedliche Tonh\u00f6hen aus. Der Mundringmuskel eines Blechbl\u00e4sers ist also ganz besonders gefordert. Und je besser er trainiert ist, umso leichter f\u00e4llt das Spielen, die Kontrolle verbessert sich, und es entsteht mehr Freiraum f\u00fcr die k\u00fcnstlerische Ausgestaltung. Der U-Trainer\u00ae baut den Mundringmuskel gezielt auf und st\u00e4rkt ihn. Ein regelm\u00e4\u00dfiges Training beugt Ansatzerm\u00fcdung vor und f\u00f6rdert die Freude am Instrument.<\/p>\n<h3>Den U-Trainer\u00aePoint f\u00fcr mehr Zentrierung und Sensibilit\u00e4t<\/h3>\n<p>Um die Tonh\u00f6hen auf einem Blechblasinstrument zu regulieren, ist eine zwischenmuskul\u00e4re Koordination von Kinn, Wangen und Mundringmuskel notwendig. So wird der Luftstrom zentriert. Die notwendige Zentrierung nimmt mit steigenden Tonh\u00f6hen zu. Das erfordert eine hohe Sensibilit\u00e4t des Spielenden f\u00fcr den unmittelbar schwingenden Teil des Mundringmuskels. Je empfindsamer der Ansatz ist, umso leichter f\u00e4llt es, auf den flie\u00dfenden Luftstrom schwingungsausl\u00f6send zu reagieren und die gew\u00fcnschten T\u00f6ne zu erzeugen. Der U-Trainer\u00ae-Point sensibilisiert den Ansatz und f\u00f6rdert so die koordinierte Zusammenarbeit aller Ansatzmuskeln. So kann jeder die Zentrierung des Luftstromes im Mundst\u00fcckkessel steigern und seinen Tonumfang erweitern.<\/p>\n","protected":false},"excerpt":{"rendered":"<p>Embouchure training for brass players.<\/p>\n","protected":false},"featured_media":838,"comment_status":"open","ping_status":"closed","template":"","meta":{"_et_pb_use_builder":"","_et_pb_old_content":"","_et_gb_content_width":""},"product_brand":[],"product_cat":[51],"product_tag":[],"class_list":{"0":"post-904","1":"product","2":"type-product","3":"status-publish","4":"has-post-thumbnail","6":"product_cat-unkategorisiert","8":"first","9":"instock","10":"taxable","11":"shipping-taxable","12":"purchasable","13":"product-type-simple"},"yoast_head":"<!-- This site is optimized with the Yoast SEO plugin v26.9 - https:\/\/yoast.com\/product\/yoast-seo-wordpress\/ -->\n<title>U-Trainer\u00aeSet for Brass - U-TRAINER-SHOP<\/title>\n<meta name=\"robots\" content=\"index, follow, max-snippet:-1, max-image-preview:large, max-video-preview:-1\" \/>\n<link rel=\"canonical\" href=\"https:\/\/u-trainer.info\/produkt\/u-trainer-set\/\" \/>\n<meta property=\"og:locale\" content=\"en_US\" \/>\n<meta property=\"og:type\" content=\"article\" \/>\n<meta property=\"og:title\" content=\"U-Trainer\u00aeSet for Brass - U-TRAINER-SHOP\" \/>\n<meta property=\"og:description\" content=\"Embouchure training for brass players.\" \/>\n<meta property=\"og:url\" content=\"https:\/\/u-trainer.info\/produkt\/u-trainer-set\/\" \/>\n<meta property=\"og:site_name\" content=\"U-TRAINER-SHOP\" \/>\n<meta property=\"article:modified_time\" content=\"2018-10-11T09:12:15+00:00\" \/>\n<meta property=\"og:image\" content=\"https:\/\/u-trainer.info\/wp-content\/uploads\/2017\/06\/case-Banderole.jpg\" \/>\n\t<meta property=\"og:image:width\" content=\"1500\" \/>\n\t<meta property=\"og:image:height\" content=\"1500\" \/>\n\t<meta property=\"og:image:type\" content=\"image\/jpeg\" \/>\n<meta name=\"twitter:card\" content=\"summary_large_image\" \/>\n<meta name=\"twitter:label1\" content=\"Est. reading time\" \/>\n\t<meta name=\"twitter:data1\" content=\"1 minute\" \/>\n<script type=\"application\/ld+json\" class=\"yoast-schema-graph\">{\"@context\":\"https:\/\/schema.org\",\"@graph\":[{\"@type\":\"WebPage\",\"@id\":\"https:\/\/u-trainer.info\/produkt\/u-trainer-set\/\",\"url\":\"https:\/\/u-trainer.info\/produkt\/u-trainer-set\/\",\"name\":\"U-Trainer\u00aeSet for Brass - U-TRAINER-SHOP\",\"isPartOf\":{\"@id\":\"https:\/\/u-trainer.info\/#website\"},\"primaryImageOfPage\":{\"@id\":\"https:\/\/u-trainer.info\/produkt\/u-trainer-set\/#primaryimage\"},\"image\":{\"@id\":\"https:\/\/u-trainer.info\/produkt\/u-trainer-set\/#primaryimage\"},\"thumbnailUrl\":\"https:\/\/u-trainer.info\/wp-content\/uploads\/2017\/06\/case-Banderole.jpg\",\"datePublished\":\"2017-06-05T11:41:22+00:00\",\"dateModified\":\"2018-10-11T09:12:15+00:00\",\"breadcrumb\":{\"@id\":\"https:\/\/u-trainer.info\/produkt\/u-trainer-set\/#breadcrumb\"},\"inLanguage\":\"en-US\",\"potentialAction\":[{\"@type\":\"ReadAction\",\"target\":[\"https:\/\/u-trainer.info\/produkt\/u-trainer-set\/\"]}]},{\"@type\":\"ImageObject\",\"inLanguage\":\"en-US\",\"@id\":\"https:\/\/u-trainer.info\/produkt\/u-trainer-set\/#primaryimage\",\"url\":\"https:\/\/u-trainer.info\/wp-content\/uploads\/2017\/06\/case-Banderole.jpg\",\"contentUrl\":\"https:\/\/u-trainer.info\/wp-content\/uploads\/2017\/06\/case-Banderole.jpg\",\"width\":1500,\"height\":1500},{\"@type\":\"BreadcrumbList\",\"@id\":\"https:\/\/u-trainer.info\/produkt\/u-trainer-set\/#breadcrumb\",\"itemListElement\":[{\"@type\":\"ListItem\",\"position\":1,\"name\":\"Startseite\",\"item\":\"https:\/\/u-trainer.info\/en\/\"},{\"@type\":\"ListItem\",\"position\":2,\"name\":\"SHOP\",\"item\":\"https:\/\/u-trainer.info\/en\/shop\/\"},{\"@type\":\"ListItem\",\"position\":3,\"name\":\"U-Trainer\u00aeSet for Brass\"}]},{\"@type\":\"WebSite\",\"@id\":\"https:\/\/u-trainer.info\/#website\",\"url\":\"https:\/\/u-trainer.info\/\",\"name\":\"U-TRAINER-SHOP\",\"description\":\"DER ANSATZTRAINER | THE EMBOUCHURE TRAINER\",\"potentialAction\":[{\"@type\":\"SearchAction\",\"target\":{\"@type\":\"EntryPoint\",\"urlTemplate\":\"https:\/\/u-trainer.info\/?s={search_term_string}\"},\"query-input\":{\"@type\":\"PropertyValueSpecification\",\"valueRequired\":true,\"valueName\":\"search_term_string\"}}],\"inLanguage\":\"en-US\"}]}<\/script>\n<!-- \/ Yoast SEO plugin. -->","yoast_head_json":{"title":"U-Trainer\u00aeSet for Brass - U-TRAINER-SHOP","robots":{"index":"index","follow":"follow","max-snippet":"max-snippet:-1","max-image-preview":"max-image-preview:large","max-video-preview":"max-video-preview:-1"},"canonical":"https:\/\/u-trainer.info\/produkt\/u-trainer-set\/","og_locale":"en_US","og_type":"article","og_title":"U-Trainer\u00aeSet for Brass - U-TRAINER-SHOP","og_description":"Embouchure training for brass players.","og_url":"https:\/\/u-trainer.info\/produkt\/u-trainer-set\/","og_site_name":"U-TRAINER-SHOP","article_modified_time":"2018-10-11T09:12:15+00:00","og_image":[{"width":1500,"height":1500,"url":"https:\/\/u-trainer.info\/wp-content\/uploads\/2017\/06\/case-Banderole.jpg","type":"image\/jpeg"}],"twitter_card":"summary_large_image","twitter_misc":{"Est. reading time":"1 minute"},"schema":{"@context":"https:\/\/schema.org","@graph":[{"@type":"WebPage","@id":"https:\/\/u-trainer.info\/produkt\/u-trainer-set\/","url":"https:\/\/u-trainer.info\/produkt\/u-trainer-set\/","name":"U-Trainer\u00aeSet for Brass - U-TRAINER-SHOP","isPartOf":{"@id":"https:\/\/u-trainer.info\/#website"},"primaryImageOfPage":{"@id":"https:\/\/u-trainer.info\/produkt\/u-trainer-set\/#primaryimage"},"image":{"@id":"https:\/\/u-trainer.info\/produkt\/u-trainer-set\/#primaryimage"},"thumbnailUrl":"https:\/\/u-trainer.info\/wp-content\/uploads\/2017\/06\/case-Banderole.jpg","datePublished":"2017-06-05T11:41:22+00:00","dateModified":"2018-10-11T09:12:15+00:00","breadcrumb":{"@id":"https:\/\/u-trainer.info\/produkt\/u-trainer-set\/#breadcrumb"},"inLanguage":"en-US","potentialAction":[{"@type":"ReadAction","target":["https:\/\/u-trainer.info\/produkt\/u-trainer-set\/"]}]},{"@type":"ImageObject","inLanguage":"en-US","@id":"https:\/\/u-trainer.info\/produkt\/u-trainer-set\/#primaryimage","url":"https:\/\/u-trainer.info\/wp-content\/uploads\/2017\/06\/case-Banderole.jpg","contentUrl":"https:\/\/u-trainer.info\/wp-content\/uploads\/2017\/06\/case-Banderole.jpg","width":1500,"height":1500},{"@type":"BreadcrumbList","@id":"https:\/\/u-trainer.info\/produkt\/u-trainer-set\/#breadcrumb","itemListElement":[{"@type":"ListItem","position":1,"name":"Startseite","item":"https:\/\/u-trainer.info\/en\/"},{"@type":"ListItem","position":2,"name":"SHOP","item":"https:\/\/u-trainer.info\/en\/shop\/"},{"@type":"ListItem","position":3,"name":"U-Trainer\u00aeSet for Brass"}]},{"@type":"WebSite","@id":"https:\/\/u-trainer.info\/#website","url":"https:\/\/u-trainer.info\/","name":"U-TRAINER-SHOP","description":"DER ANSATZTRAINER | THE EMBOUCHURE TRAINER","potentialAction":[{"@type":"SearchAction","target":{"@type":"EntryPoint","urlTemplate":"https:\/\/u-trainer.info\/?s={search_term_string}"},"query-input":{"@type":"PropertyValueSpecification","valueRequired":true,"valueName":"search_term_string"}}],"inLanguage":"en-US"}]}},"_links":{"self":[{"href":"https:\/\/u-trainer.info\/en\/wp-json\/wp\/v2\/product\/904","targetHints":{"allow":["GET"]}}],"collection":[{"href":"https:\/\/u-trainer.info\/en\/wp-json\/wp\/v2\/product"}],"about":[{"href":"https:\/\/u-trainer.info\/en\/wp-json\/wp\/v2\/types\/product"}],"replies":[{"embeddable":true,"href":"https:\/\/u-trainer.info\/en\/wp-json\/wp\/v2\/comments?post=904"}],"wp:featuredmedia":[{"embeddable":true,"href":"https:\/\/u-trainer.info\/en\/wp-json\/wp\/v2\/media\/838"}],"wp:attachment":[{"href":"https:\/\/u-trainer.info\/en\/wp-json\/wp\/v2\/media?parent=904"}],"wp:term":[{"taxonomy":"product_brand","embeddable":true,"href":"https:\/\/u-trainer.info\/en\/wp-json\/wp\/v2\/product_brand?post=904"},{"taxonomy":"product_cat","embeddable":true,"href":"https:\/\/u-trainer.info\/en\/wp-json\/wp\/v2\/product_cat?post=904"},{"taxonomy":"product_tag","embeddable":true,"href":"https:\/\/u-trainer.info\/en\/wp-json\/wp\/v2\/product_tag?post=904"}],"curies":[{"name":"wp","href":"https:\/\/api.w.org\/{rel}","templated":true}]}}