{"id":902,"date":"2017-09-29T15:52:13","date_gmt":"2017-09-29T13:52:13","guid":{"rendered":"https:\/\/u-trainer.info\/produkt\/u-trainer-wood\/"},"modified":"2018-10-11T10:57:33","modified_gmt":"2018-10-11T08:57:33","slug":"u-trainer-wood","status":"publish","type":"product","link":"https:\/\/u-trainer.info\/en\/produkt\/u-trainer-wood\/","title":{"rendered":"U-Trainer\u00ae for woodwinds"},"content":{"rendered":"<h1>U-Trainer for woodwinds<\/h1>\n<p>Der Ansatz bei Holzbl\u00e4sern wird durch die Mundringmuskulatur (musculus orbicu laris oris) geformt und gehalten. Holzbl\u00e4ser k\u00f6nnen Sensibilit\u00e4t und Kraft w\u00e4hrend l\u00e4ngerer Proben und \u00dcbungseinheiten durch Erm\u00fcdung der Ansatzmuskulatur verlieren.\u00a0Die Folgen sind ein Nachlassen der Tonqualit\u00e4t, Intonationsschwierigkeiten<br \/>\nund ein damit verbundenes leicht schmerzhaftes Gef\u00fchl.<br \/>\nDieser unsch\u00f6ne Zustand ist das Ergebnis von \u00fcberforderter Ansatzmuskulatur.<br \/>\nDa die Anforderungen an die o.g. Muskulaturen besonders hoch sind, sollten sie<br \/>\ngezielt trainiert werden.<br \/>\nEin solches Training bieten wir mit Hilfe unseres patentierten Lippentrainers an.<br \/>\nT\u00e4gliches Training st\u00e4rkt Ihre Mundringmuskulatur und verbessert Ihre Performance.<\/p>\n<p>Der u-trainer ist ergonomisch geformt und passt sich den Mundwinkeln optimal an, so dass auch bei einem intensiveren Training kein unangenehmes Druckgef\u00fchl entsteht.<br \/>\nDurch die O-Ring-Technik kann der Widerstand des u-trainers individuell angepasst und die Trainingsintensit\u00e4t gesteigert werden.<br \/>\nDer u-trainer ist abwaschbar und kann mit Zugfett neu gefettet werden.<br \/>\nu-trainer sowie Verpackung sind aus hautfreundlichen Materialien.<\/p>\n","protected":false},"excerpt":{"rendered":"<p>Embouchure training for woodwinds<\/p>\n","protected":false},"featured_media":843,"comment_status":"open","ping_status":"closed","template":"","meta":{"_et_pb_use_builder":"","_et_pb_old_content":"","_et_gb_content_width":""},"product_brand":[],"product_cat":[51],"product_tag":[],"class_list":{"0":"post-902","1":"product","2":"type-product","3":"status-publish","4":"has-post-thumbnail","6":"product_cat-unkategorisiert","8":"first","9":"instock","10":"taxable","11":"shipping-taxable","12":"purchasable","13":"product-type-simple"},"yoast_head":"<!-- This site is optimized with the Yoast SEO plugin v26.9 - https:\/\/yoast.com\/product\/yoast-seo-wordpress\/ -->\n<title>U-Trainer\u00ae for woodwinds - U-TRAINER-SHOP<\/title>\n<meta name=\"robots\" content=\"index, follow, max-snippet:-1, max-image-preview:large, max-video-preview:-1\" \/>\n<link rel=\"canonical\" href=\"https:\/\/u-trainer.info\/produkt\/u-trainer-holz\/\" \/>\n<meta property=\"og:locale\" content=\"en_US\" \/>\n<meta property=\"og:type\" content=\"article\" \/>\n<meta property=\"og:title\" content=\"U-Trainer\u00ae for woodwinds - U-TRAINER-SHOP\" \/>\n<meta property=\"og:description\" content=\"Embouchure training for woodwinds\" \/>\n<meta property=\"og:url\" content=\"https:\/\/u-trainer.info\/produkt\/u-trainer-holz\/\" \/>\n<meta property=\"og:site_name\" content=\"U-TRAINER-SHOP\" \/>\n<meta property=\"article:modified_time\" content=\"2018-10-11T08:57:33+00:00\" \/>\n<meta property=\"og:image\" content=\"https:\/\/u-trainer.info\/wp-content\/uploads\/2017\/09\/HOLZ-case-zu-1500px.jpg\" \/>\n\t<meta property=\"og:image:width\" content=\"1494\" \/>\n\t<meta property=\"og:image:height\" content=\"1494\" \/>\n\t<meta property=\"og:image:type\" content=\"image\/jpeg\" \/>\n<meta name=\"twitter:card\" content=\"summary_large_image\" \/>\n<meta name=\"twitter:label1\" content=\"Est. reading time\" \/>\n\t<meta name=\"twitter:data1\" content=\"1 minute\" \/>\n<script type=\"application\/ld+json\" class=\"yoast-schema-graph\">{\"@context\":\"https:\/\/schema.org\",\"@graph\":[{\"@type\":\"WebPage\",\"@id\":\"https:\/\/u-trainer.info\/produkt\/u-trainer-holz\/\",\"url\":\"https:\/\/u-trainer.info\/produkt\/u-trainer-holz\/\",\"name\":\"U-Trainer\u00ae for woodwinds - U-TRAINER-SHOP\",\"isPartOf\":{\"@id\":\"https:\/\/u-trainer.info\/#website\"},\"primaryImageOfPage\":{\"@id\":\"https:\/\/u-trainer.info\/produkt\/u-trainer-holz\/#primaryimage\"},\"image\":{\"@id\":\"https:\/\/u-trainer.info\/produkt\/u-trainer-holz\/#primaryimage\"},\"thumbnailUrl\":\"https:\/\/u-trainer.info\/wp-content\/uploads\/2017\/09\/HOLZ-case-zu-1500px.jpg\",\"datePublished\":\"2017-09-29T13:52:13+00:00\",\"dateModified\":\"2018-10-11T08:57:33+00:00\",\"breadcrumb\":{\"@id\":\"https:\/\/u-trainer.info\/produkt\/u-trainer-holz\/#breadcrumb\"},\"inLanguage\":\"en-US\",\"potentialAction\":[{\"@type\":\"ReadAction\",\"target\":[\"https:\/\/u-trainer.info\/produkt\/u-trainer-holz\/\"]}]},{\"@type\":\"ImageObject\",\"inLanguage\":\"en-US\",\"@id\":\"https:\/\/u-trainer.info\/produkt\/u-trainer-holz\/#primaryimage\",\"url\":\"https:\/\/u-trainer.info\/wp-content\/uploads\/2017\/09\/HOLZ-case-zu-1500px.jpg\",\"contentUrl\":\"https:\/\/u-trainer.info\/wp-content\/uploads\/2017\/09\/HOLZ-case-zu-1500px.jpg\",\"width\":1494,\"height\":1494},{\"@type\":\"BreadcrumbList\",\"@id\":\"https:\/\/u-trainer.info\/produkt\/u-trainer-holz\/#breadcrumb\",\"itemListElement\":[{\"@type\":\"ListItem\",\"position\":1,\"name\":\"Startseite\",\"item\":\"https:\/\/u-trainer.info\/en\/\"},{\"@type\":\"ListItem\",\"position\":2,\"name\":\"SHOP\",\"item\":\"https:\/\/u-trainer.info\/en\/shop\/\"},{\"@type\":\"ListItem\",\"position\":3,\"name\":\"U-Trainer\u00ae for woodwinds\"}]},{\"@type\":\"WebSite\",\"@id\":\"https:\/\/u-trainer.info\/#website\",\"url\":\"https:\/\/u-trainer.info\/\",\"name\":\"U-TRAINER-SHOP\",\"description\":\"DER ANSATZTRAINER | THE EMBOUCHURE TRAINER\",\"potentialAction\":[{\"@type\":\"SearchAction\",\"target\":{\"@type\":\"EntryPoint\",\"urlTemplate\":\"https:\/\/u-trainer.info\/?s={search_term_string}\"},\"query-input\":{\"@type\":\"PropertyValueSpecification\",\"valueRequired\":true,\"valueName\":\"search_term_string\"}}],\"inLanguage\":\"en-US\"}]}<\/script>\n<!-- \/ Yoast SEO plugin. -->","yoast_head_json":{"title":"U-Trainer\u00ae for woodwinds - U-TRAINER-SHOP","robots":{"index":"index","follow":"follow","max-snippet":"max-snippet:-1","max-image-preview":"max-image-preview:large","max-video-preview":"max-video-preview:-1"},"canonical":"https:\/\/u-trainer.info\/produkt\/u-trainer-holz\/","og_locale":"en_US","og_type":"article","og_title":"U-Trainer\u00ae for woodwinds - U-TRAINER-SHOP","og_description":"Embouchure training for woodwinds","og_url":"https:\/\/u-trainer.info\/produkt\/u-trainer-holz\/","og_site_name":"U-TRAINER-SHOP","article_modified_time":"2018-10-11T08:57:33+00:00","og_image":[{"width":1494,"height":1494,"url":"https:\/\/u-trainer.info\/wp-content\/uploads\/2017\/09\/HOLZ-case-zu-1500px.jpg","type":"image\/jpeg"}],"twitter_card":"summary_large_image","twitter_misc":{"Est. reading time":"1 minute"},"schema":{"@context":"https:\/\/schema.org","@graph":[{"@type":"WebPage","@id":"https:\/\/u-trainer.info\/produkt\/u-trainer-holz\/","url":"https:\/\/u-trainer.info\/produkt\/u-trainer-holz\/","name":"U-Trainer\u00ae for woodwinds - U-TRAINER-SHOP","isPartOf":{"@id":"https:\/\/u-trainer.info\/#website"},"primaryImageOfPage":{"@id":"https:\/\/u-trainer.info\/produkt\/u-trainer-holz\/#primaryimage"},"image":{"@id":"https:\/\/u-trainer.info\/produkt\/u-trainer-holz\/#primaryimage"},"thumbnailUrl":"https:\/\/u-trainer.info\/wp-content\/uploads\/2017\/09\/HOLZ-case-zu-1500px.jpg","datePublished":"2017-09-29T13:52:13+00:00","dateModified":"2018-10-11T08:57:33+00:00","breadcrumb":{"@id":"https:\/\/u-trainer.info\/produkt\/u-trainer-holz\/#breadcrumb"},"inLanguage":"en-US","potentialAction":[{"@type":"ReadAction","target":["https:\/\/u-trainer.info\/produkt\/u-trainer-holz\/"]}]},{"@type":"ImageObject","inLanguage":"en-US","@id":"https:\/\/u-trainer.info\/produkt\/u-trainer-holz\/#primaryimage","url":"https:\/\/u-trainer.info\/wp-content\/uploads\/2017\/09\/HOLZ-case-zu-1500px.jpg","contentUrl":"https:\/\/u-trainer.info\/wp-content\/uploads\/2017\/09\/HOLZ-case-zu-1500px.jpg","width":1494,"height":1494},{"@type":"BreadcrumbList","@id":"https:\/\/u-trainer.info\/produkt\/u-trainer-holz\/#breadcrumb","itemListElement":[{"@type":"ListItem","position":1,"name":"Startseite","item":"https:\/\/u-trainer.info\/en\/"},{"@type":"ListItem","position":2,"name":"SHOP","item":"https:\/\/u-trainer.info\/en\/shop\/"},{"@type":"ListItem","position":3,"name":"U-Trainer\u00ae for woodwinds"}]},{"@type":"WebSite","@id":"https:\/\/u-trainer.info\/#website","url":"https:\/\/u-trainer.info\/","name":"U-TRAINER-SHOP","description":"DER ANSATZTRAINER | THE EMBOUCHURE TRAINER","potentialAction":[{"@type":"SearchAction","target":{"@type":"EntryPoint","urlTemplate":"https:\/\/u-trainer.info\/?s={search_term_string}"},"query-input":{"@type":"PropertyValueSpecification","valueRequired":true,"valueName":"search_term_string"}}],"inLanguage":"en-US"}]}},"_links":{"self":[{"href":"https:\/\/u-trainer.info\/en\/wp-json\/wp\/v2\/product\/902","targetHints":{"allow":["GET"]}}],"collection":[{"href":"https:\/\/u-trainer.info\/en\/wp-json\/wp\/v2\/product"}],"about":[{"href":"https:\/\/u-trainer.info\/en\/wp-json\/wp\/v2\/types\/product"}],"replies":[{"embeddable":true,"href":"https:\/\/u-trainer.info\/en\/wp-json\/wp\/v2\/comments?post=902"}],"wp:featuredmedia":[{"embeddable":true,"href":"https:\/\/u-trainer.info\/en\/wp-json\/wp\/v2\/media\/843"}],"wp:attachment":[{"href":"https:\/\/u-trainer.info\/en\/wp-json\/wp\/v2\/media?parent=902"}],"wp:term":[{"taxonomy":"product_brand","embeddable":true,"href":"https:\/\/u-trainer.info\/en\/wp-json\/wp\/v2\/product_brand?post=902"},{"taxonomy":"product_cat","embeddable":true,"href":"https:\/\/u-trainer.info\/en\/wp-json\/wp\/v2\/product_cat?post=902"},{"taxonomy":"product_tag","embeddable":true,"href":"https:\/\/u-trainer.info\/en\/wp-json\/wp\/v2\/product_tag?post=902"}],"curies":[{"name":"wp","href":"https:\/\/api.w.org\/{rel}","templated":true}]}}