{"id":890,"date":"2017-12-19T12:48:50","date_gmt":"2017-12-19T11:48:50","guid":{"rendered":"https:\/\/u-trainer.info\/haendler\/"},"modified":"2021-12-07T13:27:41","modified_gmt":"2021-12-07T12:27:41","slug":"haendler","status":"publish","type":"page","link":"https:\/\/u-trainer.info\/en\/haendler\/","title":{"rendered":"DEALERS"},"content":{"rendered":"<p>[et_pb_section fb_built=&#8221;1&#8243; fullwidth=&#8221;on&#8221; admin_label=&#8221;Sektion&#8221; _builder_version=&#8221;3.22&#8243;][et_pb_fullwidth_image src=&#8221;https:\/\/u-trainer.info\/wp-content\/uploads\/2017\/05\/Rechtsseitenbild.jpg&#8221; admin_label=&#8221;RECHTSSEITENBILD&#8221; _builder_version=&#8221;3.0.87&#8243; animation_style=&#8221;fade&#8221; animation_duration=&#8221;500ms&#8221; animation=&#8221;fade_in&#8221; use_border_color=&#8221;off&#8221; border_color=&#8221;#ffffff&#8221; border_style=&#8221;solid&#8221; saved_tabs=&#8221;all&#8221;][\/et_pb_fullwidth_image][\/et_pb_section][et_pb_section fb_built=&#8221;1&#8243; admin_label=&#8221;Sektion&#8221; _builder_version=&#8221;3.22&#8243;][et_pb_row column_structure=&#8221;1_3,1_3,1_3&#8243; admin_label=&#8221;Zeile&#8221; _builder_version=&#8221;3.25&#8243; background_size=&#8221;initial&#8221; background_position=&#8221;top_left&#8221; background_repeat=&#8221;repeat&#8221;][et_pb_column type=&#8221;1_3&#8243; _builder_version=&#8221;3.25&#8243; custom_padding=&#8221;|||&#8221; custom_padding__hover=&#8221;|||&#8221;][\/et_pb_column][et_pb_column type=&#8221;1_3&#8243; _builder_version=&#8221;3.25&#8243; custom_padding=&#8221;|||&#8221; custom_padding__hover=&#8221;|||&#8221;][et_pb_image src=&#8221;https:\/\/u-trainer.info\/wp-content\/uploads\/2017\/05\/Kreisorange-3.png&#8221; align_tablet=&#8221;center&#8221; align_phone=&#8221;&#8221; align_last_edited=&#8221;on|desktop&#8221; disabled_on=&#8221;off|off|off&#8221; admin_label=&#8221;Bild&#8221; _builder_version=&#8221;3.23&#8243; max_width=&#8221;180px&#8221; max_width_tablet=&#8221;&#8221; max_width_phone=&#8221;100px&#8221; max_width_last_edited=&#8221;on|phone&#8221; custom_margin=&#8221;-170px|||&#8221; custom_margin_tablet=&#8221;&#8221; custom_margin_phone=&#8221;-100px|||&#8221; custom_margin_last_edited=&#8221;on|phone&#8221; animation_style=&#8221;slide&#8221; animation_direction=&#8221;top&#8221; animation_duration=&#8221;500ms&#8221; animation_intensity_slide=&#8221;10%&#8221; animation=&#8221;top&#8221; use_border_color=&#8221;off&#8221; border_color=&#8221;#ffffff&#8221; border_style=&#8221;solid&#8221; sticky=&#8221;off&#8221; always_center_on_mobile=&#8221;on&#8221; saved_tabs=&#8221;all&#8221;][\/et_pb_image][\/et_pb_column][et_pb_column type=&#8221;1_3&#8243; _builder_version=&#8221;3.25&#8243; custom_padding=&#8221;|||&#8221; custom_padding__hover=&#8221;|||&#8221;][\/et_pb_column][\/et_pb_row][et_pb_row admin_label=&#8221;Zeile&#8221; _builder_version=&#8221;3.25&#8243; background_size=&#8221;initial&#8221; background_position=&#8221;top_left&#8221; background_repeat=&#8221;repeat&#8221; custom_padding=&#8221;0px|0px|27px|0px&#8221;][et_pb_column type=&#8221;4_4&#8243; _builder_version=&#8221;3.25&#8243; custom_padding=&#8221;|||&#8221; custom_padding__hover=&#8221;|||&#8221;][et_pb_text admin_label=&#8221;Text&#8221; _builder_version=&#8221;4.3.2&#8243; background_size=&#8221;initial&#8221; background_position=&#8221;top_left&#8221; background_repeat=&#8221;repeat&#8221; hover_enabled=&#8221;0&#8243; use_border_color=&#8221;off&#8221; border_color=&#8221;#ffffff&#8221; border_style=&#8221;solid&#8221;]<\/p>\n<h1>DEALERS<\/h1>\n<h6><\/h6>\n<h3>China<\/h3>\n<h6><\/h6>\n<p>Philharmonische Orchester China (Ywerin GmbH-J\u00f6rg Iwer)<br \/>\nVanguard Brass, <strong>Hong Kong<\/strong>,\u00a0<a href=\"mailto:vanguardbrassltd@gmail.com\">vanguardbrassltd@gmail.com<\/a><\/p>\n<h6><\/h6>\n<h3>Deutschland<\/h3>\n<h6><\/h6>\n<p>Fachmarkt f\u00fcr Blechblasinstrumente (FMB),\u00a0<strong>Bielefeld<\/strong><\/p>\n<h6><\/h6>\n<p>Der Blechbl\u00e4ser, Fachhandel und Meisterwerkst\u00e4tte<br \/>\n+49(0)30-465 13 47, <a href=\"mailto:homepage@der-blechblaeser.de\">homepage@der-blechblaeser.de<\/a><br \/>\nPrinz-Eugen-Str.1, <strong>13347 Berlin<\/strong><\/p>\n<h6><\/h6>\n<p>music world,<strong> Brilon<\/strong><\/p>\n<h6><\/h6>\n<p>Blasmusikshop, <strong>Buchloe<\/strong>, <a href=\"http:\/\/www.blasmusik-shop.de\" target=\"_blank\" rel=\"noopener noreferrer\">www.blasmusik-shop.de<\/a><\/p>\n<h6><\/h6>\n<p>Thomann GmbH, <a href=\"http:\/\/www.thomann.de\" target=\"_blank\" rel=\"noopener noreferrer\">www.thomann.de<\/a><br \/>\nHans-Thomann-Str. 6, <strong>96138 Burgebrach<\/strong><\/p>\n<h6><\/h6>\n<p>Musik-Atelier Gabel GmbH, <a href=\"https:\/\/www.musik-gabel.de\/\" target=\"_blank\" rel=\"noopener noreferrer\">www.musik-gabel.de<\/a><br \/>0361 7912724, Am Fl\u00fc\u00dfchen 4, <strong>99091 Erfurt, <\/strong><a href=\"mailto:info@musik-gabel.de\">info@musik-gabel.de<\/a><\/p>\n<h6><\/h6>\n<p>Bl\u00e4serstudio,<strong> Flensburg<\/strong><\/p>\n<h6><\/h6>\n<p>Musik-Bertram e.K.,\u00a0<strong>Freiburg<\/strong><\/p>\n<h6><\/h6>\n<p>Musik Shop FFB, Das Fachgesch\u00e4ft f\u00fcr Musiker in F\u00fcrstenfeldbruck, <a href=\"https:\/\/musik-shop-ffb.de\/\" target=\"_blank\" rel=\"noopener noreferrer\">musik-shop-ffb.de<\/a>, <a href=\"mailto:info@musik-shop-ffb.de  \">info@musik-shop-ffb.de  <\/a><br \/>08141-24 50 868, Maisacherstr. 6, <strong>82256 F\u00fcrstenfeldbruck<\/strong><a <\/p>\n<h6><\/h6>\n<p>Musikbrunnen B\u00f6hmeke OHG, <a href=\"http:\/\/der-musikbrunnen.eu\" target=\"_blank\" rel=\"noopener noreferrer\">der-musikbrunnen.eu<\/a><br \/>\nGrupenstra\u00dfe 12, <strong>30159 Hannover<\/strong><\/p>\n<h6><\/h6>\n<p>Bl\u00e4serstudio Klein &amp; Jacobs OHG, <a href=\"http:\/\/blaeserstudio.de\" target=\"_blank\" rel=\"noopener noreferrer\">blaeserstudio.de<\/a><br \/>\nAndernacher Str. 80, <strong>56070 Koblenz<\/strong>,<a href=\"mailto:info@blaeserstudio.de\">\u00a0info@blaeserstudio.de<\/a><\/p>\n<h6><\/h6>\n<p>Bl\u00e4serforum Blasinstrumente oHG,<strong>\u00a0K\u00f6ln<\/strong><\/p>\n<h6><\/h6>\n<p>MUSIC STORE professional GmbH, <a href=\"https:\/\/www.musicstore.de\" target=\"_blank\" rel=\"noopener noreferrer\">musicstore.de<\/a><br \/>\n+49 (0) 221 8884-0, Istanbulstra\u00dfe 22-26, <strong>51103 K\u00f6ln<\/strong><\/p>\n<h6><\/h6>\n<p>Bl\u00e4serstudio Kiel, <a href=\"http:\/\/alle-blasinstrumente.de\" target=\"_blank\" rel=\"noopener noreferrer\">alle-blasinstrumente.de<\/a><br \/>\nStephan-Heinzel-Stra\u00dfe 7, <strong>24103 Kiel<\/strong><\/p>\n<h6><\/h6>\n<p>Musikhaus Alexander,\u00a0<strong>Mainz<\/strong><\/p>\n<h6><\/h6>\n<p>Musik u. Mehr,\u00a0<strong>Montabaur<\/strong><\/p>\n<h6><\/h6>\n<p>JOJO-MUSIC,\u00a0<a href=\"mailto:jojo-music@freenet.de\">jojo-music@freenet.de<\/a><br \/>\n0911\/266664, Kernstrasse 24-30,\u00a0<strong>D-90429 N\u00fcrnberg<\/strong><\/p>\n<h6><\/h6>\n<p>Die Oboe GbR,\u00a0<strong>Ransbach Baumbach<br \/>\n<\/strong><\/p>\n<h6><\/h6>\n<p>Bayerische Brassband Akademie,\u00a0<strong>Rohrbach<\/strong><\/p>\n<h6><\/h6>\n<p>Musikhaus Kirstein GmbH,\u00a0<strong>Schongau<br \/>\n<\/strong><\/p>\n<h6><\/h6>\n<p>Musik Strasser,\u00a0<strong>Straubing<\/strong><\/p>\n<h6><\/h6>\n<p>Musikhaus Landsiedel Becker, <strong>Wuppertal<\/strong><\/p>\n<h6><\/h6>\n<h3>Frankreich<\/h3>\n<h6><\/h6>\n<p>JS Musique, <a href=\"http:\/\/www.jsmusique.com\" target=\"_blank\" rel=\"noopener noreferrer\">www.jsmusique.com<\/a><br \/>\n+33 (0)4.78.38.20.47, 17 rue Duhamel, <strong>69002 Lyon<\/strong><\/p>\n<h6><\/h6>\n<h3>Holland\/Belgien<\/h3>\n<h6><\/h6>\n<p>Fortissimio-U-Trainer,\u00a0<strong>Rijssen<\/strong><\/p>\n<h6><\/h6>\n<p>Brassanovum, <a href=\"mailto:info@brassanovum.com\">info@brassanovum.com<\/a><br \/>\n0031-620881940, Hoofdstraat 26, <strong>5481AG Schijndel<\/strong><\/p>\n<h6><\/h6>\n<h3>Italien<\/h3>\n<h6><\/h6>\n<p>Musik Plaschke, <a href=\"mailto:info@musik-plaschke.it\">info@musik-plaschke.it<\/a><br \/>\n+39 0473 22 02 32, Via J.-Weingartner-Str. 47a, <strong>39022 Algund-Lagundo<\/strong><\/p>\n<h6><\/h6>\n<h3>Israel<\/h3>\n<h6><\/h6>\n<p>Brass for Peace,\u00a0<strong>Bethlehem<\/strong><\/p>\n<h6><\/h6>\n<h3>Kanada<\/h3>\n<h6><\/h6>\n<p>Tom Lee Music Co. Ltd.-Vancouver,\u00a0<strong>British Columbia<\/strong><\/p>\n<h6><\/h6>\n<h3>Lettland<\/h3>\n<h6><\/h6>\n<p>Latvian National Symphony Orchester,\u00a0<strong>Riga<\/strong><\/p>\n<h6><\/h6>\n<h3>New Zealand<\/h3>\n<h6><\/h6>\n<p>VANGUARD Orchestral, 277 Tinakori Road, Thorndon, <strong>Wellington<\/strong><\/p>\n<h6><\/h6>\n<h3>\u00d6sterreich<\/h3>\n<h6><\/h6>\n<p>Brasswerkstatt Jan Wesierski, <strong>Salzburg<\/strong><br \/>\nSchagerl Musik GmbH,<strong>\u00a0Mank<\/strong><br \/>\nQuetschn Academy Markus Oswald,\u00a0<strong>S\u00f6ding<\/strong><br \/>\nVOTRUBA MUSIKINSTRUMENTE GMBH,\u00a0<strong>Wien<\/strong><br \/>\nMusikhaus Fleck,\u00a0<strong>Hartberg<\/strong><\/p>\n<h6><\/h6>\n<h3>Polen<\/h3>\n<h6><\/h6>\n<p>Salon i Serwis Detych,\u00a0<strong>Katowice<\/strong><br \/>\nZM Concept,\u00a0<strong>Kollataja<\/strong><br \/>\nHalny Music,\u00a0<strong>Zywiec<\/strong><br \/>\nMusic Struna,\u00a0<strong>Motycz<\/strong><\/p>\n<h6><\/h6>\n<h3>Portugal<\/h3>\n<h6><\/h6>\n<p>SONS DO CLASSICO, <a href=\"mailto:geral@sonsdoclassico.pt\">geral@sonsdoclassico.pt<\/a><br \/>\nRui Silva, Rua Funda\u00e7\u00e3o Calouste Gulbenkian nr\u00ba 190, (Entrada Principal p&#8217;la Avenida Jo\u00e3o XXI), <strong>4710-394 Braga<\/strong>, Portugal<br \/>\n+351 253 186 701<\/p>\n<h6><\/h6>\n<p>HarmoniaWeb,\u00a0<strong>Pombal<\/strong><\/p>\n<h6><\/h6>\n<h3>Russland<\/h3>\n<h6><\/h6>\n<p>Brass Shop -Artur Ermakov,\u00a0<strong>Novosibirsk<\/strong><\/p>\n<h6><\/h6>\n<h3>Schweiz<\/h3>\n<h6><\/h6>\n<p>Musikpunkt AG, Baldeggstrasse 32, CH-6280 Hochdorf<\/p>\n<h6><\/h6>\n<p>Musikhaus Grimm,\u00a0<strong>Winterthur<\/strong><\/p>\n<h6><\/h6>\n<p>Musikschule Oberland Ost,\u00a0<strong>Interlaken<\/strong><\/p>\n<h6><\/h6>\n<p>Topp Brass, Peter Roschi, <a href=\"mailto:roschi@toppbrass.ch\">roschi@toppbrass.ch<\/a><br \/>\nTel. 062 823 17 26, K\u00fcttigerstrasse 64, <strong>5000 Aarau<\/strong><\/p>\n<h6><\/h6>\n<p>Musikverlag Frank, <a href=\"https:\/\/www.musikverlag-frank.ch\/\" target=\"_blank\" rel=\"noopener noreferrer\">www.musikverlag-frank.ch<\/a><br \/>\n41 (0) 32 685 4880, Industriestrasse 30, <strong>4542 Luterbach<\/strong><\/p>\n<h6><\/h6>\n<h3>Spanien<\/h3>\n<h6><\/h6>\n<p>Sanganxa Music Store SL<br \/>\nTel\u00e9fonos: (+34) 96 292 81 43, <a href=\"mailto:info@sanganxa.com\">info@sanganxa.com<\/a><br \/>\n<a href=\"http:\/\/www.sanganxa.com\">www.sanganxa.com<\/a><br \/>\nAv. Jaume I, 69, Llanera de Ranes, 46814 <strong>Valencia<\/strong><\/p>\n<h6><\/h6>\n<p>Gallery Trumpets,\u00a0<strong>Pontevedra<\/strong><\/p>\n<h6><\/h6>\n<p>La Musa Instrumentos,\u00a0<strong>Malaga<\/strong><\/p>\n<h6><\/h6>\n<p>Instrumentomania,\u00a0<strong>Guadassuar (Valencia)<\/strong><\/p>\n<h6><\/h6>\n<p>Ebano Instrumentos,\u00a0<strong>Valladolid<\/strong><\/p>\n<h6><\/h6>\n<h3>Singapore<\/h3>\n<h6><\/h6>\n<p>Music360,\u00a0<strong>Clive Choo<\/strong><\/p>\n<h6><\/h6>\n<h3>S\u00fcd Afrika<\/h3>\n<h6><\/h6>\n<p>Posaunenverband ELKSA Karl Tobler,\u00a0<strong>Jatniel<\/strong><\/p>\n<h6><\/h6>\n<h3>Tschechien<\/h3>\n<h6><\/h6>\n<p>Brass Studio Prague, <a href=\"http:\/\/www.kinkalbrass.cz\" target=\"_blank\" rel=\"noopener noreferrer\">www.kinkalbrass.cz<\/a><br \/>\n+420 224 816 86, Prvn\u00edho pluku 12, <strong>186 00 Praha 8 \u2013 Karl\u00edn<\/strong><\/p>\n<h6><\/h6>\n<h3>UK<\/h3>\n<h6><\/h6>\n<p>Euphonium Store-Steven Mead,\u00a0<strong>Warks<\/strong><\/p>\n<h6><\/h6>\n<h3>USA<\/h3>\n<h6><\/h6>\n<p>Euphonium, <a href=\"http:\/\/www.euphonium.com\/store\">www.euphonium.com\/store<\/a><br \/>\n+1 770-241-9119, 2332 Street DeVille NE,\u00a0<strong>Atlanta<\/strong> GA 30345<\/p>\n<h6><\/h6>\n<p>Hickeys Music Ithaca, <strong>New York<\/strong><\/p>\n<h6><\/h6>\n<p>Miles Ahead Music,\u00a0<strong>Louisville, Kentucky<\/strong>[\/et_pb_text][\/et_pb_column][\/et_pb_row][\/et_pb_section]<\/p>\n","protected":false},"excerpt":{"rendered":"<p>DEALERS China Philharmonische Orchester China (Ywerin GmbH-J\u00f6rg Iwer) Vanguard Brass, Hong Kong,\u00a0vanguardbrassltd@gmail.com Deutschland Fachmarkt f\u00fcr Blechblasinstrumente (FMB),\u00a0Bielefeld Der Blechbl\u00e4ser, Fachhandel und Meisterwerkst\u00e4tte +49(0)30-465 13 47, homepage@der-blechblaeser.de Prinz-Eugen-Str.1, 13347 Berlin music world, Brilon Blasmusikshop, Buchloe, www.blasmusik-shop.de Thomann GmbH, www.thomann.de Hans-Thomann-Str. 6, 96138 Burgebrach Musik-Atelier Gabel GmbH, www.musik-gabel.de0361 7912724, Am Fl\u00fc\u00dfchen 4, 99091 Erfurt, info@musik-gabel.de Bl\u00e4serstudio, Flensburg [&hellip;]<\/p>\n","protected":false},"author":1,"featured_media":0,"parent":0,"menu_order":0,"comment_status":"closed","ping_status":"closed","template":"","meta":{"_et_pb_use_builder":"on","_et_pb_old_content":"","_et_gb_content_width":"","footnotes":""},"class_list":["post-890","page","type-page","status-publish","hentry"],"yoast_head":"<!-- This site is optimized with the Yoast SEO plugin v26.9 - https:\/\/yoast.com\/product\/yoast-seo-wordpress\/ -->\n<title>DEALERS - U-TRAINER-SHOP<\/title>\n<meta name=\"robots\" content=\"index, follow, max-snippet:-1, max-image-preview:large, max-video-preview:-1\" \/>\n<link rel=\"canonical\" href=\"https:\/\/u-trainer.info\/en\/haendler\/\" \/>\n<meta property=\"og:locale\" content=\"en_US\" \/>\n<meta property=\"og:type\" content=\"article\" \/>\n<meta property=\"og:title\" content=\"DEALERS - U-TRAINER-SHOP\" \/>\n<meta property=\"og:description\" content=\"DEALERS China Philharmonische Orchester China (Ywerin GmbH-J\u00f6rg Iwer) Vanguard Brass, Hong Kong,\u00a0vanguardbrassltd@gmail.com Deutschland Fachmarkt f\u00fcr Blechblasinstrumente (FMB),\u00a0Bielefeld Der Blechbl\u00e4ser, Fachhandel und Meisterwerkst\u00e4tte +49(0)30-465 13 47, homepage@der-blechblaeser.de Prinz-Eugen-Str.1, 13347 Berlin music world, Brilon Blasmusikshop, Buchloe, www.blasmusik-shop.de Thomann GmbH, www.thomann.de Hans-Thomann-Str. 6, 96138 Burgebrach Musik-Atelier Gabel GmbH, www.musik-gabel.de0361 7912724, Am Fl\u00fc\u00dfchen 4, 99091 Erfurt, info@musik-gabel.de Bl\u00e4serstudio, Flensburg [&hellip;]\" \/>\n<meta property=\"og:url\" content=\"https:\/\/u-trainer.info\/en\/haendler\/\" \/>\n<meta property=\"og:site_name\" content=\"U-TRAINER-SHOP\" \/>\n<meta property=\"article:modified_time\" content=\"2021-12-07T12:27:41+00:00\" \/>\n<meta name=\"twitter:card\" content=\"summary_large_image\" \/>\n<meta name=\"twitter:label1\" content=\"Est. reading time\" \/>\n\t<meta name=\"twitter:data1\" content=\"2 minutes\" \/>\n<script type=\"application\/ld+json\" class=\"yoast-schema-graph\">{\"@context\":\"https:\/\/schema.org\",\"@graph\":[{\"@type\":\"WebPage\",\"@id\":\"https:\/\/u-trainer.info\/en\/haendler\/\",\"url\":\"https:\/\/u-trainer.info\/en\/haendler\/\",\"name\":\"DEALERS - U-TRAINER-SHOP\",\"isPartOf\":{\"@id\":\"https:\/\/u-trainer.info\/#website\"},\"datePublished\":\"2017-12-19T11:48:50+00:00\",\"dateModified\":\"2021-12-07T12:27:41+00:00\",\"breadcrumb\":{\"@id\":\"https:\/\/u-trainer.info\/en\/haendler\/#breadcrumb\"},\"inLanguage\":\"en-US\",\"potentialAction\":[{\"@type\":\"ReadAction\",\"target\":[\"https:\/\/u-trainer.info\/en\/haendler\/\"]}]},{\"@type\":\"BreadcrumbList\",\"@id\":\"https:\/\/u-trainer.info\/en\/haendler\/#breadcrumb\",\"itemListElement\":[{\"@type\":\"ListItem\",\"position\":1,\"name\":\"Startseite\",\"item\":\"https:\/\/u-trainer.info\/en\/\"},{\"@type\":\"ListItem\",\"position\":2,\"name\":\"DEALERS\"}]},{\"@type\":\"WebSite\",\"@id\":\"https:\/\/u-trainer.info\/#website\",\"url\":\"https:\/\/u-trainer.info\/\",\"name\":\"U-TRAINER-SHOP\",\"description\":\"DER ANSATZTRAINER | THE EMBOUCHURE TRAINER\",\"potentialAction\":[{\"@type\":\"SearchAction\",\"target\":{\"@type\":\"EntryPoint\",\"urlTemplate\":\"https:\/\/u-trainer.info\/?s={search_term_string}\"},\"query-input\":{\"@type\":\"PropertyValueSpecification\",\"valueRequired\":true,\"valueName\":\"search_term_string\"}}],\"inLanguage\":\"en-US\"}]}<\/script>\n<!-- \/ Yoast SEO plugin. -->","yoast_head_json":{"title":"DEALERS - U-TRAINER-SHOP","robots":{"index":"index","follow":"follow","max-snippet":"max-snippet:-1","max-image-preview":"max-image-preview:large","max-video-preview":"max-video-preview:-1"},"canonical":"https:\/\/u-trainer.info\/en\/haendler\/","og_locale":"en_US","og_type":"article","og_title":"DEALERS - U-TRAINER-SHOP","og_description":"DEALERS China Philharmonische Orchester China (Ywerin GmbH-J\u00f6rg Iwer) Vanguard Brass, Hong Kong,\u00a0vanguardbrassltd@gmail.com Deutschland Fachmarkt f\u00fcr Blechblasinstrumente (FMB),\u00a0Bielefeld Der Blechbl\u00e4ser, Fachhandel und Meisterwerkst\u00e4tte +49(0)30-465 13 47, homepage@der-blechblaeser.de Prinz-Eugen-Str.1, 13347 Berlin music world, Brilon Blasmusikshop, Buchloe, www.blasmusik-shop.de Thomann GmbH, www.thomann.de Hans-Thomann-Str. 6, 96138 Burgebrach Musik-Atelier Gabel GmbH, www.musik-gabel.de0361 7912724, Am Fl\u00fc\u00dfchen 4, 99091 Erfurt, info@musik-gabel.de Bl\u00e4serstudio, Flensburg [&hellip;]","og_url":"https:\/\/u-trainer.info\/en\/haendler\/","og_site_name":"U-TRAINER-SHOP","article_modified_time":"2021-12-07T12:27:41+00:00","twitter_card":"summary_large_image","twitter_misc":{"Est. reading time":"2 minutes"},"schema":{"@context":"https:\/\/schema.org","@graph":[{"@type":"WebPage","@id":"https:\/\/u-trainer.info\/en\/haendler\/","url":"https:\/\/u-trainer.info\/en\/haendler\/","name":"DEALERS - U-TRAINER-SHOP","isPartOf":{"@id":"https:\/\/u-trainer.info\/#website"},"datePublished":"2017-12-19T11:48:50+00:00","dateModified":"2021-12-07T12:27:41+00:00","breadcrumb":{"@id":"https:\/\/u-trainer.info\/en\/haendler\/#breadcrumb"},"inLanguage":"en-US","potentialAction":[{"@type":"ReadAction","target":["https:\/\/u-trainer.info\/en\/haendler\/"]}]},{"@type":"BreadcrumbList","@id":"https:\/\/u-trainer.info\/en\/haendler\/#breadcrumb","itemListElement":[{"@type":"ListItem","position":1,"name":"Startseite","item":"https:\/\/u-trainer.info\/en\/"},{"@type":"ListItem","position":2,"name":"DEALERS"}]},{"@type":"WebSite","@id":"https:\/\/u-trainer.info\/#website","url":"https:\/\/u-trainer.info\/","name":"U-TRAINER-SHOP","description":"DER ANSATZTRAINER | THE EMBOUCHURE TRAINER","potentialAction":[{"@type":"SearchAction","target":{"@type":"EntryPoint","urlTemplate":"https:\/\/u-trainer.info\/?s={search_term_string}"},"query-input":{"@type":"PropertyValueSpecification","valueRequired":true,"valueName":"search_term_string"}}],"inLanguage":"en-US"}]}},"_links":{"self":[{"href":"https:\/\/u-trainer.info\/en\/wp-json\/wp\/v2\/pages\/890","targetHints":{"allow":["GET"]}}],"collection":[{"href":"https:\/\/u-trainer.info\/en\/wp-json\/wp\/v2\/pages"}],"about":[{"href":"https:\/\/u-trainer.info\/en\/wp-json\/wp\/v2\/types\/page"}],"author":[{"embeddable":true,"href":"https:\/\/u-trainer.info\/en\/wp-json\/wp\/v2\/users\/1"}],"replies":[{"embeddable":true,"href":"https:\/\/u-trainer.info\/en\/wp-json\/wp\/v2\/comments?post=890"}],"version-history":[{"count":18,"href":"https:\/\/u-trainer.info\/en\/wp-json\/wp\/v2\/pages\/890\/revisions"}],"predecessor-version":[{"id":1202,"href":"https:\/\/u-trainer.info\/en\/wp-json\/wp\/v2\/pages\/890\/revisions\/1202"}],"wp:attachment":[{"href":"https:\/\/u-trainer.info\/en\/wp-json\/wp\/v2\/media?parent=890"}],"curies":[{"name":"wp","href":"https:\/\/api.w.org\/{rel}","templated":true}]}}